{"id":2,"date":"2021-09-28T10:47:46","date_gmt":"2021-09-28T10:47:46","guid":{"rendered":"http:\/\/labkft.hu\/?page_id=2"},"modified":"2023-04-05T15:39:27","modified_gmt":"2023-04-05T15:39:27","slug":"labkft-menu","status":"publish","type":"page","link":"http:\/\/labkft.hu\/?page_id=2","title":{"rendered":"GINOP-1.2.9-20-2021-00094"},"content":{"rendered":"\n<pre class=\"wp-block-preformatted\"><strong>Kedvezm\u00e9nyezett neve:<\/strong> LAB HIGH QUALITY Korl\u00e1tolt Felel\u0151ss\u00e9g\u0171 T\u00e1rsas\u00e1g\n\n<strong>Projekt c\u00edme:<\/strong>\u201eA LAB HIGH QUALITY Kft telephely\u00e9nek fejleszt\u00e9se\u201d\n\n<strong>A szerz\u0151d\u00f6tt t\u00e1mogat\u00e1s \u00f6sszege:<\/strong> 44 278 257 Ft, azaz negyvenn\u00e9gymilli\u00f3-k\u00e9tsz\u00e1zhetvennyolcezer-k\u00e9tsz\u00e1z\u00f6tvenh\u00e9t\r\nFt\n<strong>T\u00e1mogat\u00e1s m\u00e9rt\u00e9ke:<\/strong>100 %\n\n<strong>Projekt tartalm\u00e1nak bemutat\u00e1sa<\/strong>:\n\nLAB HIGH QUALITY Kft. (ad\u00f3sz\u00e1m: 14031104-2-16) a GINOP-1.2.9-20-2021-00094 k\u00f3dsz\u00e1m\u00fa,   t\u00e1mogatott p\u00e1ly\u00e1zatunk m\u00e1sodik m\u00f3dos\u00edt\u00e1si k\u00e9relme jelenleg is elb\u00edr\u00e1l\u00e1s alatt.  A m\u00f3dos\u00edt\u00e1s oka els\u0151 sorban a kialakult piaci helyzet, mely \u00e9rintette a beszerezni k\u00edv\u00e1nt eszk\u00f6z\u00f6ket, az \u00e9p\u00edt\u00e9si tev\u00e9kenys\u00e9get, illetve a b\u00e9rk\u00f6lts\u00e9geket.\nA beszerezni k\u00edv\u00e1nt \u00faj eszk\u00f6z\u00f6k megv\u00e1s\u00e1rl\u00e1sa kiv\u00e9tel n\u00e9lk\u00fcl kapcsol\u00f3dik a   Gazdas\u00e1gfejleszt\u00e9si \u00e9s Innov\u00e1ci\u00f3s Operat\u00edv Program (GINOP) f\u0151 c\u00e9lkit\u0171z\u00e9s\u00e9hez, hiszen a Lab High Quality Kft.  hazai kisv\u00e1llalkoz\u00e1s, melynek  versenyk\u00e9pess\u00e9ge jelent\u0151sen n\u00f6vekedni fog az \u00faj eszk\u00f6z\u00f6k beszerz\u00e9s\u00e9vel.  Hisz\u00fcnk benne, hogy a Felh\u00edv\u00e1s c\u00e9lj\u00e1val \u00f6sszhangban  v\u00e1llalkoz\u00e1sunk fejl\u0151d\u00e9se, gazdas\u00e1gban bet\u00f6lt\u00f6tt szerepe, piaci poz\u00edci\u00f3ja er\u0151s\u00f6dni fog, ez\u00e1ltal az orsz\u00e1g ter\u00fcleti k\u00f6z\u00f6tti  k\u00fcl\u00f6nbs\u00e9gek cs\u00f6kkennek. V\u00e1llalkoz\u00e1sunk er\u0151s\u00f6d\u00e9se a t\u00e9rs\u00e9gi felz\u00e1rk\u00f3ztat\u00e1s \u00e9s a helyi gazdas\u00e1g meger\u0151s\u00edt\u00e9s\u00e9t szolg\u00e1lja.\n\nEredeti p\u00e1ly\u00e1zatunkban meghat\u00e1rozott fejlesztend\u0151 tev\u00e9kenys\u00e9geink TE\u00c1OR 2562 , F\u00e9mmegmunk\u00e1l\u00e1s, illetve TE\u00c1OR 4312 \u00c9p\u00edt\u00e9si ter\u00fclet el\u0151k\u00e9sz\u00edt\u00e9se. M\u00f3dos\u00edt\u00e1si k\u00e9relm\u00fcnkben a fejlesztend\u0151 tev\u00e9kenys\u00e9gik\u00f6r\u00f6ket \u00e9s c\u00e9lokat nem m\u00f3dos\u00edtottuk, sokkal ink\u00e1bb specifik\u00e1ltuk. A p\u00e1ly\u00e1zat beny\u00fajt\u00e1s\u00e1t k\u00f6vet\u0151en t\u00f6bb probl\u00e9m\u00e1val is szembes\u00fcln\u00fcnk kellett, a villamosh\u00e1l\u00f3zat b\u0151v\u00edt\u00e9se rengeteg id\u0151be \u00e9s plusz k\u00f6lts\u00e9gbe ker\u00fclt volna v\u00e1llalkoz\u00e1sunknak, a megval\u00f3s\u00edt\u00e1si id\u0151szakba semmik\u00e9ppen nem f\u00e9rt\u00fcnk volna bele. 2021-ben a koronav\u00edrus j\u00e1rv\u00e1nynak k\u00f6sz\u00f6nhet\u0151en a deviz\u00e1ban meghat\u00e1rozott \u00e1rak jelent\u0151sen megn\u00f6vekedtek, eleinte azt gondoltuk, hogy ha kiv\u00e1runk realiz\u00e1l\u00f3dni fognak az \u00e1rak, de sajnos   a 2022-ben kirobbant orosz- ukr\u00e1n h\u00e1bor\u00fa hat\u00e1s\u00e1ra m\u00e9g ink\u00e1bb emelked\u00e9snek indultak, nem besz\u00e9lve a beszerz\u00e9si id\u0151 megn\u00f6veked\u00e9s\u00e9r\u0151l, ez\u00e9rt tavasszal \u00e1t kellett gondolnunk \u00e9s optimaliz\u00e1lnunk kellett a beszerezni k\u00edv\u00e1nt eszk\u00f6z\u00f6ket.  M\u00f3dos\u00edtani k\u00edv\u00e1nt projekt\u00fcnk semmiben sem t\u00e9r el az eredetileg megjel\u00f6lt c\u00e9ljainkt\u00f3l.\n\nM\u00f3dos\u00edtott  t\u00e9telek felsorol\u00e1sa:\n1.)\tCNC plazmav\u00e1g\u00f3 g\u00e9p.\n2.)\t Weldi MIG 350 Sw hegeszt\u0151pisztollyal \u00e9s nyom\u00e1scs\u00f6kkent\u0151vel.\n3.)\tRazor TIG AC\/DC 200+egyf\u00e1zis\u00fa 200A-es Avi hegeszt\u0151g\u00e9p.\n4.)\tWeldi FPL1200M t\u00edpus\u00fa f\u00fcst \u00e9s porelv\u00e1laszt\u00f3 berendez\u00e9s mobil kivitel 2 db Kemper elsz\u00edv\u00f3karral.\n5.)\t Metalkraft MB754nm\u00e1gnes\u00e1llv\u00e1nyos f\u00far\u00f3g\u00e9p.\n6.)\tYATO JT-55300 177 r\u00e9szes szersz\u00e1mkocsi.\n7.)\t Razor CUT 80 -tip s\u0171r\u00edtettleveg\u0151s plazmav\u00e1g\u00f3.\n8.)\t Betta MK 103-100-3M.\n9.)\t OPTIMUM kett\u0151s k\u00f6sz\u00f6r\u0171 OPTIngrid GU 25+  1 db.\n10.)\t YT-08920 munkaasztal YATO.\n11.)\tAsztali satu, forg\u00f3 alappal , Standard, YORK.\n12.)\tMakler Hidraulikus raklapemel\u0151.\n13.)\tBS370TOP_400V F\u00e9m szalagf\u0171r\u00e9sz.\n14.)\tCsavaros kompresszor, plusz sz\u00e1r\u00edt\u00f3.\n15.)\tGW32P hajl\u00edt\u00f3 g\u00e9p.\n16.)\t Makita DTR180ZJ betonac\u00e9l k\u00f6t\u00f6z\u0151.\n17.)\tL\u00e1nghegeszt\u0151k\u00e9szlet.\n18.)\tMOLE 180 rakod\u00f3g\u00e9p.\n19.)\tMOLE 10E.\n20.)\tMSI KATANA GF66 12UD-494 laptop 2 db.\n21.)\tXiaomi 11T okostelefon, 1 db.\n22.)\t B\u00e9rk\u00f6lts\u00e9gek m\u00f3dos\u00edt\u00e1sa eredeti p\u00e1ly\u00e1zatunkban megjel\u00f6lt\u00fck, hogy v\u00e1llalkoz\u00e1sunk foglalkoztatotti l\u00e9tsz\u00e1m\u00e1t szeretn\u00e9nk b\u0151v\u00edteni. Eredetileg egy plusz f\u0151 felv\u00e9tel\u00e9t tervezt\u00fck, azonban siker\u00fclt k\u00e9t \u00faj munkav\u00e1llal\u00f3t foglalkoztatnia  k\u0151m\u0171ves munkak\u00f6rben. Az eredeti p\u00e1ly\u00e1zati c\u00e9lunkkal \u00f6sszhangban az \u00e9p\u00edt\u00e9si ter\u00fclet el\u0151k\u00e9sz\u00edt\u00e9se feladatra a  megl\u00e9v\u0151 \u00e1llom\u00e1nyi l\u00e9tsz\u00e1m kapacit\u00e1sa kev\u00e9snek bizonyult,  a felvett  k\u00e9t szem\u00e9ly rendelkezik a MOLE 180-as, illetve MOLE 10E munkag\u00e9pek haszn\u00e1lat\u00e1hoz sz\u00fcks\u00e9ges g\u00e9pkezel\u0151i enged\u00e9llyel is.\n23.)\tAz \u00e9p\u00edt\u00e9si beruh\u00e1z\u00e1s k\u00f6lts\u00e9geit p\u00e1ly\u00e1zati m\u00f3dos\u00edt\u00e1sunk nem tartalmazza.\n Az \u00e9p\u00edt\u00e9si beruh\u00e1z\u00e1st saj\u00e1t finansz\u00edroz\u00e1ssal k\u00edv\u00e1njuk megval\u00f3s\u00edtani.\n\n\u00d6sszefoglalva m\u00f3dos\u00edt\u00e1si k\u00e9relm\u00fcnk c\u00e9lja volt, hogy  az eredetileg beny\u00fajtott p\u00e1ly\u00e1zatban foglalt  terveket megtartva, m\u00e9gis a lehet\u0151 legoptim\u00e1lisabban kihaszn\u00e1lhat\u00f3 munkaeszk\u00f6z\u00f6ket szerezz\u00fcnk be, a jelen helyzetben megemelkedett alapanyag\u00e1rak, sz\u00e1ll\u00edt\u00e1si id\u0151k ellen\u00e9re. A  v\u00e1s\u00e1rl\u00f3i ig\u00e9nyeket mindv\u00e9gig szem el\u0151tt tartva alak\u00edtottuk ki az imm\u00e1r v\u00e9gleges m\u0171hely\u00fcnk eszk\u00f6z\u00e1llom\u00e1ny\u00e1t, emellett a pluszban v\u00e1llalt egy f\u0151 foglalkoztat\u00e1sa helyett imm\u00e1ron plusz h\u00e1rom f\u0151nek tudjuk biztos\u00edtani a meg\u00e9lhet\u00e9s\u00e9t.\n<strong>Projekt megval\u00f3sul\u00e1s\u00e1nak t\u00e9nyleges d\u00e1tuma:<\/strong> 2022.11.10.<\/pre>\n","protected":false},"excerpt":{"rendered":"<p>Kedvezm\u00e9nyezett neve: LAB HIGH QUALITY Korl\u00e1tolt Felel\u0151ss\u00e9g\u0171 T\u00e1rsas\u00e1g Projekt c\u00edme:\u201eA LAB HIGH QUALITY Kft telephely\u00e9nek fejleszt\u00e9se\u201d A szerz\u0151d\u00f6tt t\u00e1mogat\u00e1s \u00f6sszege: 44 278 257 Ft, azaz negyvenn\u00e9gymilli\u00f3-k\u00e9tsz\u00e1zhetvennyolcezer-k\u00e9tsz\u00e1z\u00f6tvenh\u00e9t Ft T\u00e1mogat\u00e1s m\u00e9rt\u00e9ke:100 % Projekt tartalm\u00e1nak bemutat\u00e1sa: LAB HIGH QUALITY Kft. (ad\u00f3sz\u00e1m: 14031104-2-16) a GINOP-1.2.9-20-2021-00094 k\u00f3dsz\u00e1m\u00fa, t\u00e1mogatott p\u00e1ly\u00e1zatunk m\u00e1sodik m\u00f3dos\u00edt\u00e1si k\u00e9relme jelenleg is elb\u00edr\u00e1l\u00e1s alatt. A m\u00f3dos\u00edt\u00e1s oka els\u0151&hellip; <br \/> <a class=\"read-more\" href=\"http:\/\/labkft.hu\/?page_id=2\">Read more<\/a><\/p>\n","protected":false},"author":1,"featured_media":0,"parent":0,"menu_order":0,"comment_status":"closed","ping_status":"closed","template":"","meta":{"footnotes":""},"class_list":["post-2","page","type-page","status-publish","hentry"],"_links":{"self":[{"href":"http:\/\/labkft.hu\/index.php?rest_route=\/wp\/v2\/pages\/2","targetHints":{"allow":["GET"]}}],"collection":[{"href":"http:\/\/labkft.hu\/index.php?rest_route=\/wp\/v2\/pages"}],"about":[{"href":"http:\/\/labkft.hu\/index.php?rest_route=\/wp\/v2\/types\/page"}],"author":[{"embeddable":true,"href":"http:\/\/labkft.hu\/index.php?rest_route=\/wp\/v2\/users\/1"}],"replies":[{"embeddable":true,"href":"http:\/\/labkft.hu\/index.php?rest_route=%2Fwp%2Fv2%2Fcomments&post=2"}],"version-history":[{"count":15,"href":"http:\/\/labkft.hu\/index.php?rest_route=\/wp\/v2\/pages\/2\/revisions"}],"predecessor-version":[{"id":96,"href":"http:\/\/labkft.hu\/index.php?rest_route=\/wp\/v2\/pages\/2\/revisions\/96"}],"wp:attachment":[{"href":"http:\/\/labkft.hu\/index.php?rest_route=%2Fwp%2Fv2%2Fmedia&parent=2"}],"curies":[{"name":"wp","href":"https:\/\/api.w.org\/{rel}","templated":true}]}}