{"id":24,"date":"2021-09-28T12:06:47","date_gmt":"2021-09-28T12:06:47","guid":{"rendered":"http:\/\/labkft.hu\/?page_id=24"},"modified":"2025-12-08T14:55:35","modified_gmt":"2025-12-08T14:55:35","slug":"tamogatas","status":"publish","type":"page","link":"http:\/\/labkft.hu\/","title":{"rendered":"Inform\u00e1ci\u00f3"},"content":{"rendered":"\n<h2 class=\"wp-block-heading\">LAB HIGH QUALITY KFT<\/h2>\n\n\n\n<div class=\"wp-block-media-text alignwide is-stacked-on-mobile is-vertically-aligned-top\" style=\"grid-template-columns:32% auto\"><figure class=\"wp-block-media-text__media\"><img loading=\"lazy\" decoding=\"async\" width=\"155\" height=\"200\" src=\"http:\/\/labkft.hu\/wp-content\/uploads\/2023\/03\/Lab-logo.png\" alt=\"\" class=\"wp-image-48 size-full\"\/><\/figure><div class=\"wp-block-media-text__content\">\n<p class=\"has-text-align-left has-small-font-size\" style=\"text-decoration:none\">T\u00e1rsas\u00e1gunk 2007-ben alakult, mely a kezdetekben els\u0151sorban kereskedelmi tev\u00e9kenys\u00e9get v\u00e9gzett. Profilunkat folyamatosan fejlesztett\u00fck, term\u00e9kk\u00f6r\u00fcnk kib\u0151v\u00fclt, tev\u00e9kenys\u00e9gi k\u00f6reink sz\u00e1ma n\u00f6vekedett az \u00e9vek sor\u00e1n. Jelenleg munkaruh\u00e1zati term\u00e9kek, varratott, egyedi (log\u00f3zott) munkaruh\u00e1zatok, v\u00e9d\u0151ruh\u00e1zatok, felszerel\u00e9sek, egy\u00e9ni v\u00e9d\u0151felszerel\u00e9sek, kertgondoz\u00e1si eszk\u00f6z\u00f6k, k\u00e9zi \u00e9s g\u00e9pi szersz\u00e1mok, higi\u00e9ni\u00e1s term\u00e9kek \u00e9rt\u00e9kes\u00edt\u00e9s\u00e9vel is foglalkozunk ter\u00fcleti k\u00e9pvisel\u0151ink seg\u00edts\u00e9g\u00e9vel. Tapasztalt koll\u00e9g\u00e1ink szem\u00e9lyesen veszik fel a kapcsolatot Partnereinkkel, seg\u00edtenek megtal\u00e1lni a megfelel\u0151 term\u00e9ket, m\u00e9retet, melyhez egyedi \u00e1rkalkul\u00e1ci\u00f3t, aj\u00e1nlatokat k\u00e9sz\u00edtenek \u00e9s<br>v\u00e1llalt hat\u00e1rid\u0151re kisz\u00e1ll\u00edtj\u00e1k a megrendelt term\u00e9keket a meghat\u00e1rozott telephelyekre. Mindemellett a kereskedelemben szerzett tapasztalatoknak \u00e9s a b\u0151v\u00fcl\u0151 partneri kapcsolatainknak k\u00f6sz\u00f6nhet\u0151en ma m\u00e1r \u00e9p\u00edt\u0151ipari \u00e9s f\u00e9mipari v\u00e1llalkoz\u00e1sok sz\u00e1m\u00e1ra is k\u00edn\u00e1lunk komplex megold\u00e1sokat, t\u00f6bbek k\u00f6z\u00f6tt f\u00e9melemek \u00e9s eszk\u00f6z\u00f6k gy\u00e1rt\u00e1s\u00e1val.<\/p>\n\n\n\n<ul class=\"wp-block-list has-small-font-size\">\n<li>Partnerek kiszolg\u00e1l\u00e1sa, mint nagykeresked\u00e9s <\/li>\n<\/ul>\n\n\n\n<ul class=\"wp-block-list has-small-font-size\">\n<li>\u00dczletk\u00f6t\u0151i h\u00e1l\u00f3zat ki\u00e9p\u00edt\u00e9se els\u0151sorban J\u00e1sz- Nagykun- Szolnok \u00e9s B\u00e9k\u00e9s megy\u00e9ben<\/li>\n<\/ul>\n\n\n\n<ul class=\"wp-block-list has-small-font-size\">\n<li>Term\u00e9k paletta b\u0151v\u00edt\u00e9se a fogyaszt\u00f3i ig\u00e9nyek alapj\u00e1n<\/li>\n<\/ul>\n\n\n\n<p class=\"has-small-font-size\" style=\"font-style:normal;font-weight:400;text-decoration:none\">&#8211; Szersz\u00e1mok, kisg\u00e9pek, egy\u00e9b eszk\u00f6z\u00f6k, valamint alkatr\u00e9szek kis,- \u00e9s nagykereskedelm\u00e9nek megkezd\u00e9se<\/p>\n\n\n\n<p class=\"has-small-font-size\" style=\"font-style:normal;font-weight:400\"> &#8211; Mez\u0151gazdas\u00e1gban haszn\u00e1latos kondicion\u00e1l\u00f3 term\u00e9kek forgalmaz\u00e1sa <\/p>\n\n\n\n<p class=\"has-small-font-size\" style=\"font-style:normal;font-weight:400\">&#8211; Kont\u00e9ner \u00e9rt\u00e9kes\u00edt\u00e9s <\/p>\n\n\n\n<p class=\"has-small-font-size\" style=\"font-style:normal;font-weight:400\">&#8211; Hegeszt\u0151ipari tev\u00e9kenys\u00e9g<\/p>\n\n\n\n<p class=\"has-small-font-size\" style=\"font-style:normal;font-weight:400\"> &#8211; Lakatosipari tev\u00e9kenys\u00e9g<\/p>\n<\/div><\/div>\n\n\n\n<div class=\"wp-block-media-text alignwide has-media-on-the-right is-stacked-on-mobile has-black-color has-black-background-color has-text-color has-background\"><div class=\"wp-block-media-text__content\">\n<p class=\"has-white-color has-text-color has-large-font-size\">Kiemelt partnereink<\/p>\n\n\n\n<p class=\"has-white-color has-text-color has-small-font-size\">&#8211; Borzi Kft., kont\u00e9ner \u00e9rt\u00e9kes\u00edt\u00e9s, lakatosipari- \u00e9s hegeszt\u00e9sipari munk\u00e1k elv\u00e9gz\u00e9se <\/p>\n\n\n\n<p class=\"has-white-color has-text-color has-small-font-size\">&#8211; Fam\u00edves 2000 Kft., munkaruh\u00e1zat \u00e9rt\u00e9kes\u00edt\u00e9s <\/p>\n\n\n\n<p class=\"has-white-color has-text-color has-small-font-size\">-TM \u00d6nt\u00f6de Kft., munkaruh\u00e1zat \u00e9rt\u00e9kes\u00edt\u00e9s -Tiszaf\u00f6ldv\u00e1ri V\u00e1ros\u00fczemeltet\u0151 Nonprofit Kft. , munkaruh\u00e1zat \u00e9rt\u00e9kes\u00edt\u00e9s <\/p>\n\n\n\n<p class=\"has-white-color has-text-color has-small-font-size\">-K\u00f6r\u00f6slad\u00e1ny \u00d6nkorm\u00e1nyzat K\u00f6r\u00f6slad\u00e1nyi Egyes\u00edtett Szoci\u00e1lis Int\u00e9zm\u00e9nye, munkaruh\u00e1zat \u00e9rt\u00e9kes\u00edt\u00e9s<\/p>\n\n\n\n<p class=\"has-white-color has-text-color has-small-font-size\">Az \u00e9vek alatt ki\u00e9p\u00edtett besz\u00e1ll\u00edt\u00f3i k\u00f6rnek, a nagy volumen\u0171 megrendel\u00e9seknek, valamint a biztos likvidit\u00e1snak k\u00f6sz\u00f6nhet\u0151en T\u00e1rsas\u00e1gunk sz\u00e1m\u00e1ra igen nagy kedvezm\u00e9nyeket biztos\u00edtanak a sz\u00e1ll\u00edt\u00f3 partnerek, amelynek k\u00f6sz\u00f6nhet\u0151en rendk\u00edv\u00fcl kedvez\u0151 \u00e9s versenyk\u00e9pes \u00e1rakat tudunk biztos\u00edtani a megrendel\u0151inknek. El\u0151zetes egyeztet\u00e9st k\u00f6vet\u0151en minden partner\u00fcnk r\u00e9sz\u00e9re egy\u00e9nre szabott kedvezm\u00e9nyeket, illetve fizet\u00e9si felt\u00e9teleket biztos\u00edtunk.<\/p>\n\n\n\n<p class=\"has-white-color has-text-color has-small-font-size\">Amennyiben bemutatkoz\u00e1sunk elnyerte tetsz\u00e9s\u00e9t, k\u00e9rem keresse munkat\u00e1rsainkat bizalommal az al\u00e1bbi el\u00e9rhet\u0151s\u00e9geken: Tel.: +3670\/337-9814 E-mail: fabian.robert@labkft.hu<\/p>\n\n\n\n<p><\/p>\n\n\n\n<p>fabian.robert@labkft.hu<\/p>\n\n\n\n<p>Kiemelt partnereink<\/p>\n<\/div><figure class=\"wp-block-media-text__media\"><img loading=\"lazy\" decoding=\"async\" width=\"907\" height=\"1024\" src=\"http:\/\/labkft.hu\/wp-content\/uploads\/2023\/03\/welding-g0b360c8b1_1920-907x1024.jpg\" alt=\"\" class=\"wp-image-50 size-full\" srcset=\"http:\/\/labkft.hu\/wp-content\/uploads\/2023\/03\/welding-g0b360c8b1_1920-907x1024.jpg 907w, http:\/\/labkft.hu\/wp-content\/uploads\/2023\/03\/welding-g0b360c8b1_1920-266x300.jpg 266w, http:\/\/labkft.hu\/wp-content\/uploads\/2023\/03\/welding-g0b360c8b1_1920-768x867.jpg 768w, http:\/\/labkft.hu\/wp-content\/uploads\/2023\/03\/welding-g0b360c8b1_1920-1360x1536.jpg 1360w, http:\/\/labkft.hu\/wp-content\/uploads\/2023\/03\/welding-g0b360c8b1_1920-1024x1157.jpg 1024w, http:\/\/labkft.hu\/wp-content\/uploads\/2023\/03\/welding-g0b360c8b1_1920-956x1080.jpg 956w, http:\/\/labkft.hu\/wp-content\/uploads\/2023\/03\/welding-g0b360c8b1_1920.jpg 1700w\" sizes=\"auto, (max-width: 907px) 100vw, 907px\" \/><\/figure><\/div>\n","protected":false},"excerpt":{"rendered":"<p>LAB HIGH QUALITY KFT Kiemelt partnereink &#8211; Borzi Kft., kont\u00e9ner \u00e9rt\u00e9kes\u00edt\u00e9s, lakatosipari- \u00e9s hegeszt\u00e9sipari munk\u00e1k elv\u00e9gz\u00e9se &#8211; Fam\u00edves 2000 Kft., munkaruh\u00e1zat \u00e9rt\u00e9kes\u00edt\u00e9s -TM \u00d6nt\u00f6de Kft., munkaruh\u00e1zat \u00e9rt\u00e9kes\u00edt\u00e9s -Tiszaf\u00f6ldv\u00e1ri V\u00e1ros\u00fczemeltet\u0151 Nonprofit Kft. , munkaruh\u00e1zat \u00e9rt\u00e9kes\u00edt\u00e9s -K\u00f6r\u00f6slad\u00e1ny \u00d6nkorm\u00e1nyzat K\u00f6r\u00f6slad\u00e1nyi Egyes\u00edtett Szoci\u00e1lis Int\u00e9zm\u00e9nye, munkaruh\u00e1zat \u00e9rt\u00e9kes\u00edt\u00e9s Az \u00e9vek alatt ki\u00e9p\u00edtett besz\u00e1ll\u00edt\u00f3i k\u00f6rnek, a nagy volumen\u0171 megrendel\u00e9seknek, valamint a biztos&hellip; <br \/> <a class=\"read-more\" href=\"http:\/\/labkft.hu\/\">Read more<\/a><\/p>\n","protected":false},"author":1,"featured_media":17,"parent":0,"menu_order":0,"comment_status":"closed","ping_status":"closed","template":"","meta":{"footnotes":""},"class_list":["post-24","page","type-page","status-publish","has-post-thumbnail","hentry"],"_links":{"self":[{"href":"http:\/\/labkft.hu\/index.php?rest_route=\/wp\/v2\/pages\/24","targetHints":{"allow":["GET"]}}],"collection":[{"href":"http:\/\/labkft.hu\/index.php?rest_route=\/wp\/v2\/pages"}],"about":[{"href":"http:\/\/labkft.hu\/index.php?rest_route=\/wp\/v2\/types\/page"}],"author":[{"embeddable":true,"href":"http:\/\/labkft.hu\/index.php?rest_route=\/wp\/v2\/users\/1"}],"replies":[{"embeddable":true,"href":"http:\/\/labkft.hu\/index.php?rest_route=%2Fwp%2Fv2%2Fcomments&post=24"}],"version-history":[{"count":20,"href":"http:\/\/labkft.hu\/index.php?rest_route=\/wp\/v2\/pages\/24\/revisions"}],"predecessor-version":[{"id":165,"href":"http:\/\/labkft.hu\/index.php?rest_route=\/wp\/v2\/pages\/24\/revisions\/165"}],"wp:featuredmedia":[{"embeddable":true,"href":"http:\/\/labkft.hu\/index.php?rest_route=\/wp\/v2\/media\/17"}],"wp:attachment":[{"href":"http:\/\/labkft.hu\/index.php?rest_route=%2Fwp%2Fv2%2Fmedia&parent=24"}],"curies":[{"name":"wp","href":"https:\/\/api.w.org\/{rel}","templated":true}]}}